{"id":3401,"date":"2024-02-12T13:32:49","date_gmt":"2024-02-12T11:32:49","guid":{"rendered":"https:\/\/hotel-excelsior.net\/vacanta-cu-animale-de-companie\/"},"modified":"2026-04-28T16:48:58","modified_gmt":"2026-04-28T13:48:58","slug":"vacanta-cu-animale-de-companie","status":"publish","type":"page","link":"https:\/\/hotel-excelsior.net\/ro\/vacanta-cu-animale-de-companie\/","title":{"rendered":"Vacan\u021b\u0103 cu animale de companie"},"content":{"rendered":"\t\t<div data-elementor-type=\"wp-page\" data-elementor-id=\"3401\" class=\"elementor elementor-3401 elementor-2914\" data-elementor-post-type=\"page\">\n\t\t\t\t\t\t<section class=\"elementor-section elementor-top-section elementor-element elementor-element-709d6e1 elementor-section-boxed elementor-section-height-default elementor-section-height-default\" data-id=\"709d6e1\" data-element_type=\"section\" data-settings=\"{&quot;background_background&quot;:&quot;classic&quot;}\">\n\t\t\t\t\t\t\t<div class=\"elementor-background-overlay\"><\/div>\n\t\t\t\t\t\t\t<div class=\"elementor-container elementor-column-gap-default\">\n\t\t\t\t\t<div class=\"elementor-column elementor-col-100 elementor-top-column elementor-element elementor-element-15e2a84\" data-id=\"15e2a84\" data-element_type=\"column\">\n\t\t\t<div class=\"elementor-widget-wrap elementor-element-populated\">\n\t\t\t\t\t\t<div class=\"elementor-element elementor-element-8495cbc elementor-widget elementor-widget-heading\" data-id=\"8495cbc\" data-element_type=\"widget\" data-widget_type=\"heading.default\">\n\t\t\t\t<div class=\"elementor-widget-container\">\n\t\t\t\t\t<h2 class=\"elementor-heading-title elementor-size-default\">Vacan\u021b\u0103 cu animale de companie<\/h2>\t\t\t\t<\/div>\n\t\t\t\t<\/div>\n\t\t\t\t\t<\/div>\n\t\t<\/div>\n\t\t\t\t\t<\/div>\n\t\t<\/section>\n\t\t\t\t<section class=\"elementor-section elementor-top-section elementor-element elementor-element-cf4a9bc elementor-section-full_width elementor-section-height-default elementor-section-height-default\" data-id=\"cf4a9bc\" data-element_type=\"section\">\n\t\t\t\t\t\t<div class=\"elementor-container elementor-column-gap-no\">\n\t\t\t\t\t<div class=\"elementor-column elementor-col-100 elementor-top-column elementor-element elementor-element-16474a9\" data-id=\"16474a9\" data-element_type=\"column\">\n\t\t\t<div class=\"elementor-widget-wrap elementor-element-populated\">\n\t\t\t\t\t\t<div class=\"elementor-element elementor-element-a992adb elementor-widget elementor-widget-html\" data-id=\"a992adb\" data-element_type=\"widget\" data-widget_type=\"html.default\">\n\t\t\t\t<div class=\"elementor-widget-container\">\n\t\t\t\t\t<!-- start Search form script -->\r\n<div id=\"block-search\">\r\n  <div id=\"be-search-form\" class=\"be-container\">\r\n    <a href=\"https:\/\/exely.bg\/\" rel=\"nofollow noopener\" target=\"_blank\">Hotel management software<\/a>\r\n  <\/div>\r\n<\/div>\r\n<!-- end Search form script -->\t\t\t\t<\/div>\n\t\t\t\t<\/div>\n\t\t\t\t\t<\/div>\n\t\t<\/div>\n\t\t\t\t\t<\/div>\n\t\t<\/section>\n\t\t\t\t<section class=\"elementor-section elementor-top-section elementor-element elementor-element-461d19a elementor-section-boxed elementor-section-height-default elementor-section-height-default\" data-id=\"461d19a\" data-element_type=\"section\">\n\t\t\t\t\t\t<div class=\"elementor-container elementor-column-gap-default\">\n\t\t\t\t\t<div class=\"elementor-column elementor-col-100 elementor-top-column elementor-element elementor-element-1659d3a\" data-id=\"1659d3a\" data-element_type=\"column\">\n\t\t\t<div class=\"elementor-widget-wrap elementor-element-populated\">\n\t\t\t\t\t\t<div class=\"elementor-element elementor-element-8a8e2b1 elementor-widget elementor-widget-text-editor\" data-id=\"8a8e2b1\" data-element_type=\"widget\" data-widget_type=\"text-editor.default\">\n\t\t\t\t<div class=\"elementor-widget-container\">\n\t\t\t\t\t\t\t\t\t<ul><li>La Hotel Excelsior este binevenit maximum un animal de companie cuminte (pisic\u0103 sau c\u00e2ine) per camer\u0103, cu o greutate maxim\u0103 de p\u00e2n\u0103 la 5 kg.<\/li><li>Toate animalele de companie trebuie \u00eenregistrate la recep\u021bie la check-in. V\u0103 rug\u0103m ca animalele de companie s\u0103 fie \u021binute \u00een les\u0103 sau \u00eentr-o cutie\/geant\u0103 adecvat\u0103 atunci c\u00e2nd nu sunte\u021bi \u00een camer\u0103.<\/li><li>O tax\u0103 de 30 de leva pe zi va fi ad\u0103ugat\u0103 la factura dumneavoastr\u0103 pentru fiecare zi de \u0219edere pentru fiecare animal de companie.<\/li><li>Animalele de companie trebuie s\u0103 fie complet dresate \u0219i bine supravegheate de c\u0103tre st\u0103p\u00e2nii lor.<\/li><li>Un animal de companie poate fi l\u0103sat singur \u00een camer\u0103 doar dac\u0103 nu deranjeaz\u0103 ceilal\u021bi oaspe\u021bi din complex. Lipi\u021bi \u00eentotdeauna eticheta pentru animalul de companie pe exteriorul u\u0219ii atunci c\u00e2nd animalul dvs. de companie se afl\u0103 \u00een camer\u0103. <\/li><li>Animalele de companie nu sunt permise \u00een piscine, pe \u0219ezlonguri \u0219i \u00een restaurant.<\/li><li>Fiecare st\u0103p\u00e2n de animal de companie este responsabil pentru cur\u0103\u021benia dup\u0103 el.<\/li><li>Orice comportament nelini\u0219tit, cum ar fi l\u0103tratul puternic, trebuie controlat astfel \u00eenc\u00e2t s\u0103 nu provoace disconfort celorlal\u021bi.<\/li><li>Oaspetele trebuie s\u0103 contacteze recep\u021bia pentru a aranja cur\u0103\u021benia la un moment convenabil.<\/li><li>Oaspe\u021bii sunt responsabili pentru orice daun\u0103 cauzat\u0103 de animalul lor de companie \u0219i sunt de acord s\u0103 o desp\u0103gubeasc\u0103 integral.<br><br><\/li><\/ul><p><strong>Facilit\u0103\u021bi pentru oaspe\u021bii cu animale de companie:<\/strong><\/p><ul><li>O carte de bun venit personalizat\u0103 din partea managerului hotelului, cu o list\u0103 de servicii care accept\u0103 animale de companie disponibile \u00een zon\u0103, inclusiv zone de plimbare. Informa\u021bii despre clinici veterinare, magazine de animale \u0219i saloane de \u00eengrijire, pensiuni pentru animale \u0219i restaurante care accept\u0103 animale de companie.30<\/li><\/ul>\t\t\t\t\t\t\t\t<\/div>\n\t\t\t\t<\/div>\n\t\t\t\t\t<\/div>\n\t\t<\/div>\n\t\t\t\t\t<\/div>\n\t\t<\/section>\n\t\t\t\t<\/div>\n\t\t","protected":false},"excerpt":{"rendered":"<p>Vacan\u021b\u0103 cu animale de companie Hotel management software La Hotel Excelsior este binevenit maximum un animal de companie cuminte (pisic\u0103 sau c\u00e2ine) per camer\u0103, cu o greutate maxim\u0103 de p\u00e2n\u0103 la 5 kg. Toate animalele de companie trebuie \u00eenregistrate la recep\u021bie la check-in. V\u0103 rug\u0103m ca animalele de companie s\u0103 fie \u021binute \u00een les\u0103 sau [&hellip;]<\/p>\n","protected":false},"author":1,"featured_media":0,"parent":0,"menu_order":0,"comment_status":"closed","ping_status":"closed","template":"elementor_header_footer","meta":{"footnotes":""},"class_list":["post-3401","page","type-page","status-publish","hentry"],"publishpress_future_action":{"enabled":false,"date":"2026-05-08 02:48:56","action":"change-status","newStatus":"draft","terms":[],"taxonomy":"translation_priority","extraData":[]},"publishpress_future_workflow_manual_trigger":{"enabledWorkflows":[]},"_links":{"self":[{"href":"https:\/\/hotel-excelsior.net\/ro\/wp-json\/wp\/v2\/pages\/3401","targetHints":{"allow":["GET"]}}],"collection":[{"href":"https:\/\/hotel-excelsior.net\/ro\/wp-json\/wp\/v2\/pages"}],"about":[{"href":"https:\/\/hotel-excelsior.net\/ro\/wp-json\/wp\/v2\/types\/page"}],"author":[{"embeddable":true,"href":"https:\/\/hotel-excelsior.net\/ro\/wp-json\/wp\/v2\/users\/1"}],"replies":[{"embeddable":true,"href":"https:\/\/hotel-excelsior.net\/ro\/wp-json\/wp\/v2\/comments?post=3401"}],"version-history":[{"count":6,"href":"https:\/\/hotel-excelsior.net\/ro\/wp-json\/wp\/v2\/pages\/3401\/revisions"}],"predecessor-version":[{"id":4906,"href":"https:\/\/hotel-excelsior.net\/ro\/wp-json\/wp\/v2\/pages\/3401\/revisions\/4906"}],"wp:attachment":[{"href":"https:\/\/hotel-excelsior.net\/ro\/wp-json\/wp\/v2\/media?parent=3401"}],"curies":[{"name":"wp","href":"https:\/\/api.w.org\/{rel}","templated":true}]}}